{"id":70,"date":"2011-04-25T14:08:03","date_gmt":"2011-04-25T14:08:03","guid":{"rendered":"http:\/\/www.skulpturen-holz.de\/franz-zehnbier\/?page_id=70"},"modified":"2015-02-06T21:24:32","modified_gmt":"2015-02-06T21:24:32","slug":"wer-ist-franz-zehnbier","status":"publish","type":"page","link":"https:\/\/franz-zehnbier.de\/?page_id=70","title":{"rendered":"Wer ist Franz Zehnbier ?"},"content":{"rendered":"<p><!-- p { margin-bottom: 0.21cm; } --><span style=\"font-family: Verdana,sans-serif;\"><a href=\"http:\/\/www.skulpturen-holz.de\/franz-zehnbier\/wp-content\/uploads\/2011\/04\/Michael-Winter-Franz-Zehnbier.jpg\"><img loading=\"lazy\" decoding=\"async\" class=\"alignleft wp-image-345 size-thumbnail\" title=\"Michael Winter - Franz Zehnbier\" src=\"https:\/\/franz-zehnbier.de\/wp-content\/uploads\/2011\/04\/Michael-Winter-Franz-Zehnbier-150x150.jpg\" alt=\"\" width=\"150\" height=\"150\" \/><\/a>Franz Zehnbier, unter seinem b\u00fcrgerlichen Namen Franz Robert Czieslik vor allem als Bildhauer bekannt, h\u00e4lt den Alltag humorvoll in Hoch- und Plattdeutsch fest. Den K\u00fcnstlernamen Franz Zehnbier bekam er 2003 von M\u00fcnchener K\u00fcnstlerkollegen verpasst, als er mit Ihnen in der nahen \u201eWaldwirtschaft\u201c Ma\u00dfkr\u00fcge leerte. Sie meinten mit seinem komplizierten Nachnamen den sich keiner merken kann, k\u00e4me er nicht weit in der Kunst. Mitten in der Diskussion um einen geeigneten Namen fragte einer aus der Runde ob er noch einmal zehn Bier holen sollte. Sofort kam es, ja zehn Bier san guat, ja nenn di doch Franz Zehnbier, das ist auf jeden Fall gescheiter als hundert Wasser. Vor einigen Jahren war Franz Zehnbier durch \u00e4u\u00dfere Umst\u00e4nde gezwungen seine freiberufliche Laufbahn aufzugeben. Seitdem zieht er als dichtender Schweinedompteur durch die Lande von Hof zu Hof. Zur Zeit lebt und arbeitet er in einem winzigen Haus im Wald in Niedersachsen welches vor vielen Jahren zun\u00e4chst als R\u00e4uberdomizil genutzt wurde, bis die sp\u00e4ter als &#8222;Bremer Stadtmusikanten&#8220; ber\u00fchmte Band hier einzog. Nach dem diese, ihren musikalischen Durchbruch in der Freien Hansestadt Bremen hatten, geriet dieses in Vergessenheit. Ein Bauer, der es sp\u00e4ter als Jagd und Wochenendhaus in Beschlag nahm, vermietete es schlie\u00dflich an den sich als &#8222;Schweinedompteur&#8220; verdingenden Sprach- und Holzk\u00fcnstler. Seit drei Jahren produziert der 45-J\u00e4hrige f\u00fcr verschiedene Radiosender gesprochene Kolumnen und arbeitet mit Freunden an seiner ersten H\u00f6rspielproduktion.<\/span><\/p>\n<p><span style=\"font-family: Verdana,sans-serif;\"><a href=\"http:\/\/www.skulpturen-holz.de\" target=\"_blank\"><img loading=\"lazy\" decoding=\"async\" class=\"aligncenter\" src=\"http:\/\/thom-thom.de\/image\/skulpturenholz468x61.jpg\" alt=\"Skulturen Holz\" width=\"468\" height=\"60\" \/><\/a>(Foto M. Winter)<br \/>\n<\/span><\/p>\n","protected":false},"excerpt":{"rendered":"<p>Franz Zehnbier, unter seinem b\u00fcrgerlichen Namen Franz Robert Czieslik vor allem als Bildhauer bekannt, h\u00e4lt den Alltag humorvoll in Hoch- und Plattdeutsch fest. Den K\u00fcnstlernamen Franz Zehnbier bekam er 2003 von M\u00fcnchener K\u00fcnstlerkollegen verpasst, als er mit Ihnen in der &hellip; <a href=\"https:\/\/franz-zehnbier.de\/?page_id=70\">Weiterlesen <span class=\"meta-nav\">&rarr;<\/span><\/a><\/p>\n","protected":false},"author":2,"featured_media":0,"parent":0,"menu_order":2,"comment_status":"open","ping_status":"open","template":"","meta":{"footnotes":""},"class_list":["post-70","page","type-page","status-publish","hentry"],"_links":{"self":[{"href":"https:\/\/franz-zehnbier.de\/index.php?rest_route=\/wp\/v2\/pages\/70","targetHints":{"allow":["GET"]}}],"collection":[{"href":"https:\/\/franz-zehnbier.de\/index.php?rest_route=\/wp\/v2\/pages"}],"about":[{"href":"https:\/\/franz-zehnbier.de\/index.php?rest_route=\/wp\/v2\/types\/page"}],"author":[{"embeddable":true,"href":"https:\/\/franz-zehnbier.de\/index.php?rest_route=\/wp\/v2\/users\/2"}],"replies":[{"embeddable":true,"href":"https:\/\/franz-zehnbier.de\/index.php?rest_route=%2Fwp%2Fv2%2Fcomments&post=70"}],"version-history":[{"count":13,"href":"https:\/\/franz-zehnbier.de\/index.php?rest_route=\/wp\/v2\/pages\/70\/revisions"}],"predecessor-version":[{"id":1178,"href":"https:\/\/franz-zehnbier.de\/index.php?rest_route=\/wp\/v2\/pages\/70\/revisions\/1178"}],"wp:attachment":[{"href":"https:\/\/franz-zehnbier.de\/index.php?rest_route=%2Fwp%2Fv2%2Fmedia&parent=70"}],"curies":[{"name":"wp","href":"https:\/\/api.w.org\/{rel}","templated":true}]}}