{"id":635,"date":"2012-08-12T05:03:33","date_gmt":"2012-08-12T05:03:33","guid":{"rendered":"http:\/\/franz-zehnbier.de\/?page_id=635"},"modified":"2014-04-28T09:25:57","modified_gmt":"2014-04-28T09:25:57","slug":"live-fuer-euch","status":"publish","type":"page","link":"https:\/\/franz-zehnbier.de\/?page_id=635","title":{"rendered":"Thom Live"},"content":{"rendered":"<h4 style=\"text-align: center;\"><em><strong>Termine 2014<\/strong><\/em><\/h4>\n<p><a href=\"https:\/\/franz-zehnbier.de\/wp-content\/uploads\/2012\/08\/Spitalhof.jpg\"><img loading=\"lazy\" decoding=\"async\" class=\"alignleft size-thumbnail wp-image-1119\" src=\"https:\/\/franz-zehnbier.de\/wp-content\/uploads\/2012\/08\/Spitalhof-150x150.jpg\" alt=\"Spitalhof\" width=\"150\" height=\"150\" \/><\/a>&#8222;Heimat ohne Grenzen&#8220;<\/p>\n<p>Der Heimattag der Siebenb\u00fcrger Sachsen findet von Freitag, dem 6. Juni, und bis Pfingstmontag, den 9. Juni 2014, unter dem Motto &#8222;Heimat ohne Grenzen&#8220; in Dinkelsb\u00fchl statt.<\/p>\n<p>&nbsp;<\/p>\n<p>Sonnabend und Sonntag findet Ihr Thom und Franz im Spitalhof Dinkelsb\u00fchl am RTI Radio Info Stand<\/p>\n<p><iframe loading=\"lazy\" src=\"\/\/www.youtube.com\/embed\/VXgmFNjciMA\" width=\"560\" height=\"315\" frameborder=\"0\" allowfullscreen=\"allowfullscreen\"><\/iframe><\/p>\n<div class=\"mbs _5pbx userContent\" data-ft=\"{&quot;tn&quot;:&quot;K&quot;}\">\n<p>1. Tabarzer Freizeitmesse im Festzelt<\/p>\n<p>Im Kurpark Winkelhof findet am 1. Mai die 1. Tabarzer Freizeitmesse statt. Alle Tabarzer Vereine sind angehalten, sich zu pr\u00e4sentieren. Und davon gibt es ja nun einige. In unserem 4000-Einwohner-Nest sind summa summarum 42 Vereine und Sektionen ans\u00e4ssig. Vom Tabarzer SV bis zu den Bienenz\u00fcchtern. Vom M\u00e4nnerchor Tabarz e.V. bis zum Tabarzer F\u00f6rderverein e.V. \u2013 alle haben am 1. Mai von 10 bis 13 Uhr im Festzelt im Kurpark Winkelhof die M\u00f6glichkeit, ihre Ziele und Arbeit vorzustellen.<br \/>\nF\u00fcr das leibliche Wohl ist nat\u00fcrlich gesorgt, ebenso f\u00fcr allerlei Volksbelustigung. Neben Segway-Fahren und Kinderreiten wird im Kurpark Winkelhof auch einiges f\u00fcr die Kleinsten geboten. <a href=\"https:\/\/franz-zehnbier.de\/wp-content\/uploads\/2012\/08\/Kurpark.jpg\"><img loading=\"lazy\" decoding=\"async\" class=\"aligncenter size-medium wp-image-1122\" src=\"https:\/\/franz-zehnbier.de\/wp-content\/uploads\/2012\/08\/Kurpark-211x300.jpg\" alt=\"Kurpark\" width=\"211\" height=\"300\" srcset=\"https:\/\/franz-zehnbier.de\/wp-content\/uploads\/2012\/08\/Kurpark-211x300.jpg 211w, https:\/\/franz-zehnbier.de\/wp-content\/uploads\/2012\/08\/Kurpark.jpg 501w\" sizes=\"auto, (max-width: 211px) 100vw, 211px\" \/><\/a><\/p>\n<\/div>\n<p>&nbsp;<\/p>\n<h4 style=\"text-align: center;\"><em><strong>Termine 2013<\/strong><\/em><\/h4>\n<p>&nbsp;<\/p>\n<h4 style=\"text-align: center;\"><span style=\"color: #000000;\"><strong>Dinkelsb\u00fchl<\/strong><\/span><\/h4>\n<p style=\"text-align: center;\">Auf den Heimattagen der Siebenb\u00fcrger Sachsen<br \/>\n<img loading=\"lazy\" decoding=\"async\" src=\"https:\/\/fbcdn-sphotos-f-a.akamaihd.net\/hphotos-ak-ash3\/523388_634763183206675_1765160666_n.jpg\" alt=\"\" width=\"193\" height=\"193\" \/><br \/>\nFranz Zehnbier mit Thom Thom (Thomas Schenk)<br \/>\n<span style=\"color: #000000;\">&#8222;Zehnbier auf der Suche nach sieben B\u00fcrgen&#8220;<\/span><\/p>\n<p style=\"text-align: center;\"><span style=\"color: #000000;\">18. Mai 2013 &#8211; 15.00 Uhr<\/span><br \/>\n<span style=\"color: #000000;\"> Auf dem Spitalhof<\/span><br \/>\n<span style=\"color: #000000;\"> Am Stand von RTI Radio<\/span><\/p>\n","protected":false},"excerpt":{"rendered":"<p>Termine 2014 &#8222;Heimat ohne Grenzen&#8220; Der Heimattag der Siebenb\u00fcrger Sachsen findet von Freitag, dem 6. Juni, und bis Pfingstmontag, den 9. Juni 2014, unter dem Motto &#8222;Heimat ohne Grenzen&#8220; in Dinkelsb\u00fchl statt. &nbsp; Sonnabend und Sonntag findet Ihr Thom und &hellip; <a href=\"https:\/\/franz-zehnbier.de\/?page_id=635\">Weiterlesen <span class=\"meta-nav\">&rarr;<\/span><\/a><\/p>\n","protected":false},"author":1,"featured_media":0,"parent":695,"menu_order":2,"comment_status":"open","ping_status":"open","template":"","meta":{"footnotes":""},"class_list":["post-635","page","type-page","status-publish","hentry"],"_links":{"self":[{"href":"https:\/\/franz-zehnbier.de\/index.php?rest_route=\/wp\/v2\/pages\/635","targetHints":{"allow":["GET"]}}],"collection":[{"href":"https:\/\/franz-zehnbier.de\/index.php?rest_route=\/wp\/v2\/pages"}],"about":[{"href":"https:\/\/franz-zehnbier.de\/index.php?rest_route=\/wp\/v2\/types\/page"}],"author":[{"embeddable":true,"href":"https:\/\/franz-zehnbier.de\/index.php?rest_route=\/wp\/v2\/users\/1"}],"replies":[{"embeddable":true,"href":"https:\/\/franz-zehnbier.de\/index.php?rest_route=%2Fwp%2Fv2%2Fcomments&post=635"}],"version-history":[{"count":21,"href":"https:\/\/franz-zehnbier.de\/index.php?rest_route=\/wp\/v2\/pages\/635\/revisions"}],"predecessor-version":[{"id":1123,"href":"https:\/\/franz-zehnbier.de\/index.php?rest_route=\/wp\/v2\/pages\/635\/revisions\/1123"}],"up":[{"embeddable":true,"href":"https:\/\/franz-zehnbier.de\/index.php?rest_route=\/wp\/v2\/pages\/695"}],"wp:attachment":[{"href":"https:\/\/franz-zehnbier.de\/index.php?rest_route=%2Fwp%2Fv2%2Fmedia&parent=635"}],"curies":[{"name":"wp","href":"https:\/\/api.w.org\/{rel}","templated":true}]}}