{"id":250,"date":"2011-06-22T05:33:36","date_gmt":"2011-06-22T05:33:36","guid":{"rendered":"http:\/\/www.skulpturen-holz.de\/franz-zehnbier\/?page_id=250"},"modified":"2015-02-06T21:26:03","modified_gmt":"2015-02-06T21:26:03","slug":"veranstaltungsplan","status":"publish","type":"page","link":"https:\/\/franz-zehnbier.de\/?page_id=250","title":{"rendered":"Radio aktiv"},"content":{"rendered":"<p><strong><a href=\"http:\/\/www.skulpturen-holz.de\/franz-zehnbier\/wp-content\/uploads\/2011\/06\/MaxMix.jpg\"><img loading=\"lazy\" decoding=\"async\" class=\"alignleft wp-image-440 size-thumbnail\" title=\"MaxMix\" src=\"https:\/\/franz-zehnbier.de\/wp-content\/uploads\/2011\/06\/MaxMix-150x150.jpg\" alt=\"\" width=\"150\" height=\"150\" srcset=\"https:\/\/franz-zehnbier.de\/wp-content\/uploads\/2011\/06\/MaxMix-150x150.jpg 150w, https:\/\/franz-zehnbier.de\/wp-content\/uploads\/2011\/06\/MaxMix.jpg 250w\" sizes=\"auto, (max-width: 150px) 100vw, 150px\" \/><\/a>&#8222;Der MaxMix&#8220; die Radio Cooperation<\/strong><br \/>\njeden Mittwoch: 17 &#8211; 19 Uhr Thom Thom live on air\u00a0 auf <a title=\"RFF106.0\" href=\"http:\/\/rff1.de\" target=\"_blank\">RFF106.o<\/a> , <a title=\"Radio Transsylvania\" href=\"http:\/\/rti-radio.de\" target=\"_blank\">RTI2<\/a>, <a title=\"Marile-Funradio\" href=\"http:\/\/marile-funradio.com\" target=\"_blank\">Marile-Funradio<\/a><\/p>\n<p><a href=\"https:\/\/franz-zehnbier.de\/wp-content\/uploads\/2011\/06\/globache11.jpg\"><img loading=\"lazy\" decoding=\"async\" class=\"alignleft size-thumbnail wp-image-518\" title=\"globache11\" src=\"https:\/\/franz-zehnbier.de\/wp-content\/uploads\/2011\/06\/globache11-150x150.jpg\" alt=\"\" width=\"150\" height=\"150\" srcset=\"https:\/\/franz-zehnbier.de\/wp-content\/uploads\/2011\/06\/globache11-150x150.jpg 150w, https:\/\/franz-zehnbier.de\/wp-content\/uploads\/2011\/06\/globache11-300x300.jpg 300w, https:\/\/franz-zehnbier.de\/wp-content\/uploads\/2011\/06\/globache11.jpg 800w\" sizes=\"auto, (max-width: 150px) 100vw, 150px\" \/><\/a><\/p>\n<p><strong><br \/>\nThe RFF Friday Radioshow<br \/>\nmit Franz Z.<br \/>\naus dem Waldstudio bei Bremen<br \/>\n<\/strong>Jeden Freitag 21.00 bis 00.00 Uhr auf\u00a0<a title=\"RFF106.0\" href=\"http:\/\/rff1.de\" target=\"_blank\">RFF106.o<\/a>\u00a0 www.radio-freeform.de<\/p>\n<p><a href=\"http:\/\/www.skulpturen-holz.de\/franz-zehnbier\/wp-content\/uploads\/2011\/06\/Sonntag-Morgenmagazin.jpg\"><img loading=\"lazy\" decoding=\"async\" class=\"alignleft wp-image-439 size-thumbnail\" title=\"Sonntag-Morgenmagazin\" src=\"https:\/\/franz-zehnbier.de\/wp-content\/uploads\/2011\/06\/Sonntag-Morgenmagazin-150x150.jpg\" alt=\"\" width=\"150\" height=\"150\" srcset=\"https:\/\/franz-zehnbier.de\/wp-content\/uploads\/2011\/06\/Sonntag-Morgenmagazin-150x150.jpg 150w, https:\/\/franz-zehnbier.de\/wp-content\/uploads\/2011\/06\/Sonntag-Morgenmagazin-300x300.jpg 300w, https:\/\/franz-zehnbier.de\/wp-content\/uploads\/2011\/06\/Sonntag-Morgenmagazin.jpg 400w\" sizes=\"auto, (max-width: 150px) 100vw, 150px\" \/><\/a>Das Sonntag Morgenmagazin<br \/>\njeden Sonntag 10.05 &#8211; 12.00 Uhr mit Thom Thom &amp; Franz Zehnbier\u00a0 und G\u00e4sten. Unterhaltung und Informationen f\u00fcr gro\u00dfe und kleine Menschen, H\u00f6rspiel, Satire, Politik und Musik. Zu h\u00f6ren auf:\u00a0 <a title=\"RFF106.0\" href=\"http:\/\/rff1.de\/\" target=\"_blank\">RFF106.o<\/a> , <a title=\"Radio Transsylvania\" href=\"http:\/\/rti-radio.de\/\" target=\"_blank\">RTI2<\/a>, <a title=\"Marile-Funradio\" href=\"http:\/\/marile-funradio.com\/\" target=\"_blank\">Marile-Funradio<\/a><\/p>\n<p><strong><a href=\"http:\/\/www.skulpturen-holz.de\/franz-zehnbier\/wp-content\/uploads\/2011\/06\/wunschlos.jpg\"><img loading=\"lazy\" decoding=\"async\" class=\"alignleft wp-image-438 size-thumbnail\" title=\"wunschlos\" src=\"https:\/\/franz-zehnbier.de\/wp-content\/uploads\/2011\/06\/wunschlos-150x150.jpg\" alt=\"\" width=\"150\" height=\"150\" srcset=\"https:\/\/franz-zehnbier.de\/wp-content\/uploads\/2011\/06\/wunschlos-150x150.jpg 150w, https:\/\/franz-zehnbier.de\/wp-content\/uploads\/2011\/06\/wunschlos-300x300.jpg 300w, https:\/\/franz-zehnbier.de\/wp-content\/uploads\/2011\/06\/wunschlos.jpg 800w\" sizes=\"auto, (max-width: 150px) 100vw, 150px\" \/><\/a>Wunschlos in die Neue Woche mit Franz Z.<\/strong><br \/>\njeden Sonntag 23-01 Uhr auf \u00a0<a title=\"RFF106.0\" href=\"http:\/\/rff1.de\" target=\"_blank\">RFF106.o<\/a>\u00a0,\u00a0<a title=\"Marile-Funradio\" href=\"http:\/\/marile-funradio.com\/\" target=\"_blank\">Marile-Funradio<\/a> Musik, Musik &#8230;. zusammengestellt von unseren H\u00f6rern. Jeden Sonntag, Musik aus einem anderen Jahrzehnt &#8230;<\/p>\n","protected":false},"excerpt":{"rendered":"<p>&#8222;Der MaxMix&#8220; die Radio Cooperation jeden Mittwoch: 17 &#8211; 19 Uhr Thom Thom live on air\u00a0 auf RFF106.o , RTI2, Marile-Funradio The RFF Friday Radioshow mit Franz Z. aus dem Waldstudio bei Bremen Jeden Freitag 21.00 bis 00.00 Uhr auf\u00a0RFF106.o\u00a0 &hellip; <a href=\"https:\/\/franz-zehnbier.de\/?page_id=250\">Weiterlesen <span class=\"meta-nav\">&rarr;<\/span><\/a><\/p>\n","protected":false},"author":1,"featured_media":0,"parent":0,"menu_order":6,"comment_status":"open","ping_status":"open","template":"","meta":{"footnotes":""},"class_list":["post-250","page","type-page","status-publish","hentry"],"_links":{"self":[{"href":"https:\/\/franz-zehnbier.de\/index.php?rest_route=\/wp\/v2\/pages\/250","targetHints":{"allow":["GET"]}}],"collection":[{"href":"https:\/\/franz-zehnbier.de\/index.php?rest_route=\/wp\/v2\/pages"}],"about":[{"href":"https:\/\/franz-zehnbier.de\/index.php?rest_route=\/wp\/v2\/types\/page"}],"author":[{"embeddable":true,"href":"https:\/\/franz-zehnbier.de\/index.php?rest_route=\/wp\/v2\/users\/1"}],"replies":[{"embeddable":true,"href":"https:\/\/franz-zehnbier.de\/index.php?rest_route=%2Fwp%2Fv2%2Fcomments&post=250"}],"version-history":[{"count":14,"href":"https:\/\/franz-zehnbier.de\/index.php?rest_route=\/wp\/v2\/pages\/250\/revisions"}],"predecessor-version":[{"id":1180,"href":"https:\/\/franz-zehnbier.de\/index.php?rest_route=\/wp\/v2\/pages\/250\/revisions\/1180"}],"wp:attachment":[{"href":"https:\/\/franz-zehnbier.de\/index.php?rest_route=%2Fwp%2Fv2%2Fmedia&parent=250"}],"curies":[{"name":"wp","href":"https:\/\/api.w.org\/{rel}","templated":true}]}}