{"id":120,"date":"2011-04-25T19:57:52","date_gmt":"2011-04-25T19:57:52","guid":{"rendered":"http:\/\/www.skulpturen-holz.de\/franz-zehnbier\/?page_id=120"},"modified":"2013-06-30T19:38:47","modified_gmt":"2013-06-30T19:38:47","slug":"audio-salat","status":"publish","type":"page","link":"https:\/\/franz-zehnbier.de\/?page_id=120","title":{"rendered":"Audio Salat"},"content":{"rendered":"<p><iframe loading=\"lazy\" src=\"https:\/\/w.soundcloud.com\/player\/?url=http%3A%2F%2Fapi.soundcloud.com%2Ftracks%2F93236835\" height=\"166\" width=\"100%\" frameborder=\"no\" scrolling=\"no\"><\/iframe><\/p>\n<p>21.05.2013 19:35Uhr<\/p>\n<p>Ba ba ba&#8230; Bank\u00fcberfall<\/p>\n<p>Wer kennt das nicht, man sitzt und \u00fcberlegt, wie komme ich durch den Monat?Am Zahltag stapeln sich die Rechnungen, dass scheinbar prall gef\u00fcllte Griechokonto versinkt knie tief im Dispo.<\/p>\n<p>So sitzt man und \u00fcberlegt &#8211; wie bekommt das rote Pferd die Peitsche? Eine der \u00dcberlegungen ist eine Bank zu \u00fcberfallen.<br \/>\nGesagt, getan &#8211; so mache ich mich auf den Weg.<\/p>\n<p>Doch im Park steht noch keine &#8211; wir haben Februar und frieren tue ich auch.<\/p>\n<p>Auf der Sparkasse &#8211; wo fr\u00fcher nette Menschen dir, teils freundlich teils giftig, eine Bedienung zu kommen lie\u00dfen &#8211; stehen Blechkisten mit Kn\u00f6pfen und Fernsehschirm.<br \/>\nEs ist sehr unpers\u00f6nlich geworden.<\/p>\n<p>So beschlie\u00dfe\u00a0 ich, dann wird eben der Fernseher \u00fcberfallen.<\/p>\n<p>Mit einem Kattermesser bewaffnet, eine Rolle Strick, einen 30 cm langen St\u00fcck Draht, Isolierband aus der Firma und von Oma Lehne ihre alten Strumpfhosen \u00fcber den Kopf.<\/p>\n<p>Denn ich hatte einmal im Fernsehen gesehen, dass man das so macht.<\/p>\n<p>Nun stehe ich in der Automatenhalle um Mitternacht und Rufe laut mit fordernder Stimme &#8220; Geld hoch H\u00e4nde heer!!&#8220;\u00a0 doch keine Reaktion. Der junge Mann der grade aus der Halle gelaufen ist, drehte sich um und ruft &#8230; &#8222;Spinner!&#8220;.<\/p>\n<p>Was mache ich nur verkehrt?<\/p>\n<p>Deprimiert und hungrig laufe ich frierend nach hause und \u00fcberlege weiter.<\/p>\n<p>Mist schon 1Uhr um 5Uhr hei\u00dft es wieder raus aus den Federn und sich b\u00fccken.<\/p>\n<p>Aber Moment ich hab ja R\u00fccken. Vor lauter Arbeit kommt man nicht zum Geld verdienen &#8211; denke ich so bei mir und schlafe ein.<\/p>\n<p>&nbsp;<\/p>\n<p>So geht es vielen Arbeitnehmern. Egal ob Festsklave oder moderner Wandersklave die Arbeit die dich n\u00e4hren soll verzehrt dich und f\u00fcllt anderen die Taschen voll.<\/p>\n<p>Denkt einmal dar\u00fcber nach. Ihr werdet merken ich habe recht.<\/p>\n<p>Geld allein macht nicht gl\u00fccklich. Doch es beruhigt ungemein.<\/p>\n<p>In dem Sinne bleibe ich Euer Thom Thom.<\/p>\n<p>[soundcloud url=&#8220;http:\/\/api.soundcloud.com\/tracks\/99115807&#8243; params=&#8220;&#8220; width=&#8220; 100%&#8220; height=&#8220;166&#8243; iframe=&#8220;true&#8220; \/][soundcloud url=&#8220;http:\/\/api.soundcloud.com\/tracks\/99000232&#8243; params=&#8220;&#8220; width=&#8220; 100%&#8220; height=&#8220;166&#8243; iframe=&#8220;true&#8220; \/][soundcloud url=&#8220;http:\/\/api.soundcloud.com\/tracks\/98999630&#8243; params=&#8220;&#8220; width=&#8220; 100%&#8220; height=&#8220;166&#8243; iframe=&#8220;true&#8220; \/][soundcloud url=&#8220;http:\/\/api.soundcloud.com\/tracks\/98982608&#8243; params=&#8220;&#8220; width=&#8220; 100%&#8220; height=&#8220;166&#8243; iframe=&#8220;true&#8220; \/][soundcloud url=&#8220;http:\/\/api.soundcloud.com\/tracks\/79777345&#8243; params=&#8220;&#8220; width=&#8220; 100%&#8220; height=&#8220;166&#8243; iframe=&#8220;true&#8220; \/]<\/p>\n<p>&nbsp;<\/p>\n<p>&nbsp;<\/p>\n<p>&nbsp;<\/p>\n<p><a title=\"audio-pods\" href=\"http:\/\/www.skulpturen-holz.de\/franz-zehnbier\/wp-content\/uploads\/2011\/04\/audio-pods.jpg\" target=\"_blank\"><img loading=\"lazy\" decoding=\"async\" class=\"alignleft size-thumbnail wp-image-126\" title=\"audio-pods\" alt=\"audio-pods\" src=\"http:\/\/www.skulpturen-holz.de\/franz-zehnbier\/wp-content\/uploads\/2011\/04\/audio-pods-150x150.jpg\" width=\"150\" height=\"150\" srcset=\"https:\/\/franz-zehnbier.de\/wp-content\/uploads\/2011\/04\/audio-pods-150x150.jpg 150w, https:\/\/franz-zehnbier.de\/wp-content\/uploads\/2011\/04\/audio-pods-300x300.jpg 300w, https:\/\/franz-zehnbier.de\/wp-content\/uploads\/2011\/04\/audio-pods.jpg 400w\" sizes=\"auto, (max-width: 150px) 100vw, 150px\" \/><\/a><\/p>\n<p>[podcast]http:\/\/www.skulpturen-holz.de\/franz-zehnbier\/wp-content\/uploads\/2011\/04\/Franz-Zehnbier-Erotikspezial-mit-Udo-Walz.mp3[\/podcast]<\/p>\n<p><a href=\"http:\/\/www.skulpturen-holz.de\/franz-zehnbier\/wp-content\/uploads\/2011\/04\/Franz-Zehnbier-Erotikspezial-mit-Udo-Walz.mp3\">Franz Zehnbier &#8211; Erotikspezial mit Udo Walz<\/a><\/p>\n<p>[podcast]http:\/\/www.skulpturen-holz.de\/franz-zehnbier\/wp-content\/uploads\/2011\/04\/Franz-Zehnbier-Frauentagsspezial.mp3[\/podcast]<\/p>\n<p><a href=\"http:\/\/www.skulpturen-holz.de\/franz-zehnbier\/wp-content\/uploads\/2011\/04\/Franz-Zehnbier-Frauentagsspezial.mp3\">Franz Zehnbier &#8211; Frauentagsspezial<\/a><\/p>\n<p>[podcast]http:\/\/www.skulpturen-holz.de\/franz-zehnbier\/wp-content\/uploads\/2011\/04\/Franz-Zehnbier-Sportspezial-090209.mp3[\/podcast]<\/p>\n<p><a href=\"http:\/\/www.skulpturen-holz.de\/franz-zehnbier\/wp-content\/uploads\/2011\/04\/Franz-Zehnbier-Sportspezial-090209.mp3\">Franz Zehnbier &#8211; Sportspezial 090209<\/a><\/p>\n<p>[podcast]http:\/\/www.skulpturen-holz.de\/franz-zehnbier\/wp-content\/uploads\/2011\/04\/Franz-Zehnbier-Tageszeitungscollage-vom-02-02-09-Teil1.mp3[\/podcast]<\/p>\n<p><a href=\"http:\/\/www.skulpturen-holz.de\/franz-zehnbier\/wp-content\/uploads\/2011\/04\/Franz-Zehnbier-Tageszeitungscollage-vom-02-02-09-Teil1.mp3\">Franz Zehnbier &#8211; Tageszeitungscollage vom 02-02-09 &#8211; Teil1<\/a><\/p>\n<p>[podcast]http:\/\/www.skulpturen-holz.de\/franz-zehnbier\/wp-content\/uploads\/2011\/04\/Franz-Zehnbier-Tageszeitungscollage-vom-02-02-09-Teil2.mp3[\/podcast]<\/p>\n<p><a href=\"http:\/\/www.skulpturen-holz.de\/franz-zehnbier\/wp-content\/uploads\/2011\/04\/Franz-Zehnbier-Tageszeitungscollage-vom-02-02-09-Teil2.mp3\">Franz Zehnbier &#8211; Tageszeitungscollage vom 02-02-09 &#8211; Teil2<\/a><\/p>\n<p>[podcast]http:\/\/www.skulpturen-holz.de\/franz-zehnbier\/wp-content\/uploads\/2011\/04\/Franz-Zehnbier-Tageszeitungscollage-vom-02-02-09-Teil3.mp3[\/podcast]<\/p>\n<p><a href=\"http:\/\/www.skulpturen-holz.de\/franz-zehnbier\/wp-content\/uploads\/2011\/04\/Franz-Zehnbier-Tageszeitungscollage-vom-02-02-09-Teil3.mp3\">Franz Zehnbier &#8211; Tageszeitungscollage vom 02-02-09 &#8211; Teil3<\/a><\/p>\n<p>[podcast]http:\/\/www.skulpturen-holz.de\/franz-zehnbier\/wp-content\/uploads\/2011\/04\/Franz-Zehnbier-Tageszeitungscollage-vom-06-04-09-Teil1.mp3[\/podcast]<\/p>\n<p><a href=\"http:\/\/www.skulpturen-holz.de\/franz-zehnbier\/wp-content\/uploads\/2011\/04\/Franz-Zehnbier-Tageszeitungscollage-vom-06-04-09-Teil1.mp3\">Franz Zehnbier &#8211; Tageszeitungscollage vom 06-04-09- Teil1<\/a><\/p>\n<p>[podcast]http:\/\/www.skulpturen-holz.de\/franz-zehnbier\/wp-content\/uploads\/2011\/04\/Franz-Zehnbier-Tageszeitungscollage-vom-06-04-09-Teil1.mp3.mp3[\/podcast]<\/p>\n<p><a href=\"http:\/\/www.skulpturen-holz.de\/franz-zehnbier\/wp-content\/uploads\/2011\/04\/Franz-Zehnbier-Tageszeitungscollage-vom-06-04-09-Teil1.mp3.mp3\">Franz Zehnbier &#8211; Tageszeitungscollage vom 06-04-09- Teil1.mp3<\/a><\/p>\n<p>[podcast]http:\/\/www.skulpturen-holz.de\/franz-zehnbier\/wp-content\/uploads\/2011\/04\/Franz-Zehnbier-Tageszeitungscollage-vom-24-03-09-Teil1.mp3[\/podcast]<\/p>\n<p><a href=\"http:\/\/www.skulpturen-holz.de\/franz-zehnbier\/wp-content\/uploads\/2011\/04\/Franz-Zehnbier-Tageszeitungscollage-vom-24-03-09-Teil1.mp3\">Franz Zehnbier &#8211; Tageszeitungscollage vom 24-03-09 &#8211; Teil1<\/a><\/p>\n<p>[podcast]http:\/\/www.skulpturen-holz.de\/franz-zehnbier\/wp-content\/uploads\/2011\/04\/Franz-Zehnbier-Tageszeitungscollage-vom-24-03-09-Teil2.mp3[\/podcast]<\/p>\n<p><a href=\"http:\/\/www.skulpturen-holz.de\/franz-zehnbier\/wp-content\/uploads\/2011\/04\/Franz-Zehnbier-Tageszeitungscollage-vom-24-03-09-Teil2.mp3\">Franz Zehnbier &#8211; Tageszeitungscollage vom 24-03-09 &#8211; Teil2<\/a><\/p>\n<p>[podcast]http:\/\/www.skulpturen-holz.de\/franz-zehnbier\/wp-content\/uploads\/2011\/04\/Franz-Zehnbier-Tageszeitungscollage-vom-24-03-09-Teil3.mp3[\/podcast]<\/p>\n<p><a href=\"http:\/\/www.skulpturen-holz.de\/franz-zehnbier\/wp-content\/uploads\/2011\/04\/Franz-Zehnbier-Tageszeitungscollage-vom-24-03-09-Teil3.mp3\">Franz Zehnbier &#8211; Tageszeitungscollage vom 24-03-09 &#8211; Teil3<\/a><\/p>\n","protected":false},"excerpt":{"rendered":"<p>21.05.2013 19:35Uhr Ba ba ba&#8230; Bank\u00fcberfall Wer kennt das nicht, man sitzt und \u00fcberlegt, wie komme ich durch den Monat?Am Zahltag stapeln sich die Rechnungen, dass scheinbar prall gef\u00fcllte Griechokonto versinkt knie tief im Dispo. So sitzt man und \u00fcberlegt &hellip; <a href=\"https:\/\/franz-zehnbier.de\/?page_id=120\">Weiterlesen <span class=\"meta-nav\">&rarr;<\/span><\/a><\/p>\n","protected":false},"author":1,"featured_media":126,"parent":586,"menu_order":4,"comment_status":"open","ping_status":"open","template":"","meta":{"footnotes":""},"class_list":["post-120","page","type-page","status-publish","has-post-thumbnail","hentry"],"_links":{"self":[{"href":"https:\/\/franz-zehnbier.de\/index.php?rest_route=\/wp\/v2\/pages\/120","targetHints":{"allow":["GET"]}}],"collection":[{"href":"https:\/\/franz-zehnbier.de\/index.php?rest_route=\/wp\/v2\/pages"}],"about":[{"href":"https:\/\/franz-zehnbier.de\/index.php?rest_route=\/wp\/v2\/types\/page"}],"author":[{"embeddable":true,"href":"https:\/\/franz-zehnbier.de\/index.php?rest_route=\/wp\/v2\/users\/1"}],"replies":[{"embeddable":true,"href":"https:\/\/franz-zehnbier.de\/index.php?rest_route=%2Fwp%2Fv2%2Fcomments&post=120"}],"version-history":[{"count":17,"href":"https:\/\/franz-zehnbier.de\/index.php?rest_route=\/wp\/v2\/pages\/120\/revisions"}],"predecessor-version":[{"id":122,"href":"https:\/\/franz-zehnbier.de\/index.php?rest_route=\/wp\/v2\/pages\/120\/revisions\/122"}],"up":[{"embeddable":true,"href":"https:\/\/franz-zehnbier.de\/index.php?rest_route=\/wp\/v2\/pages\/586"}],"wp:featuredmedia":[{"embeddable":true,"href":"https:\/\/franz-zehnbier.de\/index.php?rest_route=\/wp\/v2\/media\/126"}],"wp:attachment":[{"href":"https:\/\/franz-zehnbier.de\/index.php?rest_route=%2Fwp%2Fv2%2Fmedia&parent=120"}],"curies":[{"name":"wp","href":"https:\/\/api.w.org\/{rel}","templated":true}]}}